{"id":316,"date":"2021-11-01T17:24:10","date_gmt":"2021-11-01T16:24:10","guid":{"rendered":"https:\/\/belhorizon-coaching.fr\/?page_id=316"},"modified":"2022-01-18T16:14:13","modified_gmt":"2022-01-18T15:14:13","slug":"__trashed-4","status":"publish","type":"page","link":"https:\/\/belhorizon-coaching.fr\/?page_id=316","title":{"rendered":"Qu&rsquo;est-ce que le coaching ?"},"content":{"rendered":"\t\t<div data-elementor-type=\"wp-page\" data-elementor-id=\"316\" class=\"elementor elementor-316\">\n\t\t\t\t\t\t<section class=\"elementor-section elementor-top-section elementor-element elementor-element-de2b144 elementor-section-boxed elementor-section-height-default elementor-section-height-default\" data-id=\"de2b144\" data-element_type=\"section\" data-e-type=\"section\">\n\t\t\t\t\t\t<div class=\"elementor-container elementor-column-gap-default\">\n\t\t\t\t\t<div class=\"elementor-column elementor-col-100 elementor-top-column elementor-element elementor-element-0f26121\" data-id=\"0f26121\" data-element_type=\"column\" data-e-type=\"column\">\n\t\t\t<div class=\"elementor-widget-wrap elementor-element-populated\">\n\t\t\t\t\t\t<div class=\"elementor-element elementor-element-ca84863 elementor-widget elementor-widget-heading\" data-id=\"ca84863\" data-element_type=\"widget\" data-e-type=\"widget\" data-widget_type=\"heading.default\">\n\t\t\t\t<div class=\"elementor-widget-container\">\n\t\t\t\t\t<h2 class=\"elementor-heading-title elementor-size-default\">Qu'est ce que le coaching ?<\/h2>\t\t\t\t<\/div>\n\t\t\t\t<\/div>\n\t\t\t\t\t<\/div>\n\t\t<\/div>\n\t\t\t\t\t<\/div>\n\t\t<\/section>\n\t\t\t\t<section class=\"elementor-section elementor-top-section elementor-element elementor-element-9f5c072 elementor-section-boxed elementor-section-height-default elementor-section-height-default\" data-id=\"9f5c072\" data-element_type=\"section\" data-e-type=\"section\">\n\t\t\t\t\t\t<div class=\"elementor-container elementor-column-gap-default\">\n\t\t\t\t\t<div class=\"elementor-column elementor-col-100 elementor-top-column elementor-element elementor-element-67897ada\" data-id=\"67897ada\" data-element_type=\"column\" data-e-type=\"column\">\n\t\t\t<div class=\"elementor-widget-wrap elementor-element-populated\">\n\t\t\t\t\t\t<div class=\"elementor-element elementor-element-6724e2e elementor-widget elementor-widget-text-editor\" data-id=\"6724e2e\" data-element_type=\"widget\" data-e-type=\"widget\" data-widget_type=\"text-editor.default\">\n\t\t\t\t<div class=\"elementor-widget-container\">\n\t\t\t\t\t\t\t\t\t\n<p>Dans un cadre\u00a0<strong>bienveillant<\/strong>\u00a0et\u00a0<strong>confidentiel<\/strong>, le coaching est un processus d\u2019accompagnement des personnes qui leur permet de d\u00e9finir des plans d\u2019action personnalis\u00e9s et d&rsquo;acc\u00e9l\u00e9rer l\u2019atteinte de leurs objectifs.\u00a0<\/p>\n<p>Le coaching, r\u00e9alis\u00e9 par un coach praticien certifi\u00e9, est limit\u00e9 dans le temps et fait l\u2019objet d\u2019un contrat dont l\u2019exercice est encadr\u00e9 par le code de d\u00e9ontologie professionnelle \u00e9dict\u00e9 par les f\u00e9d\u00e9rations de coachs.<\/p>\n\t\t\t\t\t\t\t\t<\/div>\n\t\t\t\t<\/div>\n\t\t\t\t\t<\/div>\n\t\t<\/div>\n\t\t\t\t\t<\/div>\n\t\t<\/section>\n\t\t\t\t<section class=\"elementor-section elementor-top-section elementor-element elementor-element-366008f elementor-section-boxed elementor-section-height-default elementor-section-height-default\" data-id=\"366008f\" data-element_type=\"section\" data-e-type=\"section\">\n\t\t\t\t\t\t<div class=\"elementor-container elementor-column-gap-default\">\n\t\t\t\t\t<div class=\"elementor-column elementor-col-100 elementor-top-column elementor-element elementor-element-a164357\" data-id=\"a164357\" data-element_type=\"column\" data-e-type=\"column\">\n\t\t\t<div class=\"elementor-widget-wrap elementor-element-populated\">\n\t\t\t\t\t\t<div class=\"elementor-element elementor-element-9352823 elementor-widget elementor-widget-heading\" data-id=\"9352823\" data-element_type=\"widget\" data-e-type=\"widget\" data-widget_type=\"heading.default\">\n\t\t\t\t<div class=\"elementor-widget-container\">\n\t\t\t\t\t<h2 class=\"elementor-heading-title elementor-size-default\"><strong>Le r\u00f4le du coach<\/strong><\/h2>\t\t\t\t<\/div>\n\t\t\t\t<\/div>\n\t\t\t\t\t<\/div>\n\t\t<\/div>\n\t\t\t\t\t<\/div>\n\t\t<\/section>\n\t\t\t\t<section class=\"elementor-section elementor-top-section elementor-element elementor-element-ebe68ed elementor-section-boxed elementor-section-height-default elementor-section-height-default\" data-id=\"ebe68ed\" data-element_type=\"section\" data-e-type=\"section\">\n\t\t\t\t\t\t<div class=\"elementor-container elementor-column-gap-default\">\n\t\t\t\t\t<div class=\"elementor-column elementor-col-100 elementor-top-column elementor-element elementor-element-11dc685\" data-id=\"11dc685\" data-element_type=\"column\" data-e-type=\"column\">\n\t\t\t<div class=\"elementor-widget-wrap elementor-element-populated\">\n\t\t\t\t\t\t<div class=\"elementor-element elementor-element-84221d9 elementor-widget elementor-widget-text-editor\" data-id=\"84221d9\" data-element_type=\"widget\" data-e-type=\"widget\" data-widget_type=\"text-editor.default\">\n\t\t\t\t<div class=\"elementor-widget-container\">\n\t\t\t\t\t\t\t\t\t<p style=\"font-weight: 400;\"><span style=\"color: var( --e-global-color-text );\">Le coach est un facilitateur de changement.\u00a0La relation privil\u00e9gi\u00e9e de partenariat qui s\u2019\u00e9tablit entre le coach et son client offre un espace pour prendre du recul sur les situations. <br \/>Par son questionnement, le coach incite son client \u00e0 des prises de conscience sur lui-m\u00eame et sur son environnement. <br \/>Le coach est un expert des relations interhumaines.<\/span><\/p>\t\t\t\t\t\t\t\t<\/div>\n\t\t\t\t<\/div>\n\t\t\t\t\t<\/div>\n\t\t<\/div>\n\t\t\t\t\t<\/div>\n\t\t<\/section>\n\t\t\t\t<section class=\"elementor-section elementor-top-section elementor-element elementor-element-453fc65 elementor-section-boxed elementor-section-height-default elementor-section-height-default\" data-id=\"453fc65\" data-element_type=\"section\" data-e-type=\"section\">\n\t\t\t\t\t\t<div class=\"elementor-container elementor-column-gap-default\">\n\t\t\t\t\t<div class=\"elementor-column elementor-col-100 elementor-top-column elementor-element elementor-element-a0aea7d\" data-id=\"a0aea7d\" data-element_type=\"column\" data-e-type=\"column\">\n\t\t\t<div class=\"elementor-widget-wrap elementor-element-populated\">\n\t\t\t\t\t\t<section class=\"elementor-section elementor-inner-section elementor-element elementor-element-e44dcff elementor-section-boxed elementor-section-height-default elementor-section-height-default\" data-id=\"e44dcff\" data-element_type=\"section\" data-e-type=\"section\">\n\t\t\t\t\t\t<div class=\"elementor-container elementor-column-gap-no\">\n\t\t\t\t\t<div class=\"elementor-column elementor-col-100 elementor-inner-column elementor-element elementor-element-14a762a\" data-id=\"14a762a\" data-element_type=\"column\" data-e-type=\"column\">\n\t\t\t<div class=\"elementor-widget-wrap elementor-element-populated\">\n\t\t\t\t\t\t<div class=\"elementor-element elementor-element-912fdec elementor-widget__width-auto elementor-invisible elementor-widget elementor-widget-heading\" data-id=\"912fdec\" data-element_type=\"widget\" data-e-type=\"widget\" data-settings=\"{&quot;_animation&quot;:&quot;fadeInUp&quot;}\" data-widget_type=\"heading.default\">\n\t\t\t\t<div class=\"elementor-widget-container\">\n\t\t\t\t\t<h5 class=\"elementor-heading-title elementor-size-default\">D\u00e9couvrez<\/h5>\t\t\t\t<\/div>\n\t\t\t\t<\/div>\n\t\t\t\t<div class=\"elementor-element elementor-element-dda0c6b elementor-invisible elementor-widget elementor-widget-heading\" data-id=\"dda0c6b\" data-element_type=\"widget\" data-e-type=\"widget\" data-settings=\"{&quot;_animation&quot;:&quot;fadeInUp&quot;,&quot;_animation_delay&quot;:150}\" data-widget_type=\"heading.default\">\n\t\t\t\t<div class=\"elementor-widget-container\">\n\t\t\t\t\t<h1 class=\"elementor-heading-title elementor-size-default\">Les services que je propose \u00e0 mes clients<\/h1>\t\t\t\t<\/div>\n\t\t\t\t<\/div>\n\t\t\t\t\t<\/div>\n\t\t<\/div>\n\t\t\t\t\t<\/div>\n\t\t<\/section>\n\t\t\t\t<section class=\"elementor-section elementor-inner-section elementor-element elementor-element-4795e66 elementor-section-boxed elementor-section-height-default elementor-section-height-default\" data-id=\"4795e66\" data-element_type=\"section\" data-e-type=\"section\">\n\t\t\t\t\t\t<div class=\"elementor-container elementor-column-gap-no\">\n\t\t\t\t\t<div class=\"elementor-column elementor-col-50 elementor-inner-column elementor-element elementor-element-66116f1 elementor-invisible\" data-id=\"66116f1\" data-element_type=\"column\" data-e-type=\"column\" data-settings=\"{&quot;animation&quot;:&quot;fadeInUp&quot;}\">\n\t\t\t<div class=\"elementor-widget-wrap elementor-element-populated\">\n\t\t\t\t\t\t<div class=\"elementor-element elementor-element-09c69d7 elementor-widget elementor-widget-heading\" data-id=\"09c69d7\" data-element_type=\"widget\" data-e-type=\"widget\" data-widget_type=\"heading.default\">\n\t\t\t\t<div class=\"elementor-widget-container\">\n\t\t\t\t\t<h2 class=\"elementor-heading-title elementor-size-default\">Accompagnement professionnel<\/h2>\t\t\t\t<\/div>\n\t\t\t\t<\/div>\n\t\t\t\t\t<\/div>\n\t\t<\/div>\n\t\t\t\t<div class=\"elementor-column elementor-col-50 elementor-inner-column elementor-element elementor-element-37a089d elementor-invisible\" data-id=\"37a089d\" data-element_type=\"column\" data-e-type=\"column\" data-settings=\"{&quot;animation&quot;:&quot;fadeInUp&quot;,&quot;animation_delay&quot;:150}\">\n\t\t\t<div class=\"elementor-widget-wrap elementor-element-populated\">\n\t\t\t\t\t\t<div class=\"elementor-element elementor-element-3e0006b elementor-widget elementor-widget-heading\" data-id=\"3e0006b\" data-element_type=\"widget\" data-e-type=\"widget\" data-widget_type=\"heading.default\">\n\t\t\t\t<div class=\"elementor-widget-container\">\n\t\t\t\t\t<h2 class=\"elementor-heading-title elementor-size-default\">Accompagnement personnel<\/h2>\t\t\t\t<\/div>\n\t\t\t\t<\/div>\n\t\t\t\t\t<\/div>\n\t\t<\/div>\n\t\t\t\t\t<\/div>\n\t\t<\/section>\n\t\t\t\t\t<\/div>\n\t\t<\/div>\n\t\t\t\t\t<\/div>\n\t\t<\/section>\n\t\t\t\t<\/div>\n\t\t","protected":false},"excerpt":{"rendered":"<p>Qu&rsquo;est ce que le coaching ? Dans un cadre\u00a0bienveillant\u00a0et\u00a0confidentiel, le coaching est un processus d\u2019accompagnement des personnes qui leur permet de d\u00e9finir des plans d\u2019action personnalis\u00e9s et d&rsquo;acc\u00e9l\u00e9rer l\u2019atteinte de leurs objectifs.\u00a0 Le coaching, r\u00e9alis\u00e9 par un coach praticien certifi\u00e9, est limit\u00e9 dans le temps et fait l\u2019objet d\u2019un contrat dont l\u2019exercice est encadr\u00e9 par le code de d\u00e9ontologie professionnelle \u00e9dict\u00e9 par les f\u00e9d\u00e9rations de&#8230; <\/p>\n<p class=\"more\"><a class=\"more-link\" href=\"https:\/\/belhorizon-coaching.fr\/?page_id=316\">Read More<\/a><\/p>\n","protected":false},"author":1,"featured_media":0,"parent":0,"menu_order":0,"comment_status":"closed","ping_status":"closed","template":"","meta":{"_monsterinsights_skip_tracking":false,"_monsterinsights_sitenote_active":false,"_monsterinsights_sitenote_note":"","_monsterinsights_sitenote_category":0,"footnotes":""},"class_list":["post-316","page","type-page","status-publish","hentry","is-cat-link-borders-light is-cat-link-rounded"],"yoast_head":"<!-- This site is optimized with the Yoast SEO plugin v27.3 - https:\/\/yoast.com\/product\/yoast-seo-wordpress\/ -->\n<title>qu&#039;est-ce que le coaching ?<\/title>\n<meta name=\"description\" content=\"Pascal Ropert coach \u00e0 Sainte Genevi\u00e8ve des bois\" \/>\n<meta name=\"robots\" content=\"index, follow, max-snippet:-1, max-image-preview:large, max-video-preview:-1\" \/>\n<link rel=\"canonical\" href=\"https:\/\/belhorizon-coaching.fr\/?page_id=316\" \/>\n<meta property=\"og:locale\" content=\"fr_FR\" \/>\n<meta property=\"og:type\" content=\"article\" \/>\n<meta property=\"og:title\" content=\"qu&#039;est-ce que le coaching ?\" \/>\n<meta property=\"og:description\" content=\"Pascal Ropert coach \u00e0 Sainte Genevi\u00e8ve des bois\" \/>\n<meta property=\"og:url\" content=\"https:\/\/belhorizon-coaching.fr\/?page_id=316\" \/>\n<meta property=\"og:site_name\" content=\"Bel horizon coaching\" \/>\n<meta property=\"article:modified_time\" content=\"2022-01-18T15:14:13+00:00\" \/>\n<meta name=\"twitter:card\" content=\"summary_large_image\" \/>\n<meta name=\"twitter:label1\" content=\"Dur\u00e9e de lecture estim\u00e9e\" \/>\n\t<meta name=\"twitter:data1\" content=\"1 minute\" \/>\n<script type=\"application\/ld+json\" class=\"yoast-schema-graph\">{\"@context\":\"https:\\\/\\\/schema.org\",\"@graph\":[{\"@type\":\"WebPage\",\"@id\":\"https:\\\/\\\/belhorizon-coaching.fr\\\/?page_id=316\",\"url\":\"https:\\\/\\\/belhorizon-coaching.fr\\\/?page_id=316\",\"name\":\"qu'est-ce que le coaching ?\",\"isPartOf\":{\"@id\":\"https:\\\/\\\/belhorizon-coaching.fr\\\/#website\"},\"datePublished\":\"2021-11-01T16:24:10+00:00\",\"dateModified\":\"2022-01-18T15:14:13+00:00\",\"description\":\"Pascal Ropert coach \u00e0 Sainte Genevi\u00e8ve des bois\",\"breadcrumb\":{\"@id\":\"https:\\\/\\\/belhorizon-coaching.fr\\\/?page_id=316#breadcrumb\"},\"inLanguage\":\"fr-FR\",\"potentialAction\":[{\"@type\":\"ReadAction\",\"target\":[\"https:\\\/\\\/belhorizon-coaching.fr\\\/?page_id=316\"]}]},{\"@type\":\"BreadcrumbList\",\"@id\":\"https:\\\/\\\/belhorizon-coaching.fr\\\/?page_id=316#breadcrumb\",\"itemListElement\":[{\"@type\":\"ListItem\",\"position\":1,\"name\":\"Accueil\",\"item\":\"https:\\\/\\\/belhorizon-coaching.fr\\\/\"},{\"@type\":\"ListItem\",\"position\":2,\"name\":\"Qu&rsquo;est-ce que le coaching ?\"}]},{\"@type\":\"WebSite\",\"@id\":\"https:\\\/\\\/belhorizon-coaching.fr\\\/#website\",\"url\":\"https:\\\/\\\/belhorizon-coaching.fr\\\/\",\"name\":\"Bel horizon coaching\",\"description\":\"Pascal Ropert coach de vie\",\"publisher\":{\"@id\":\"https:\\\/\\\/belhorizon-coaching.fr\\\/#organization\"},\"potentialAction\":[{\"@type\":\"SearchAction\",\"target\":{\"@type\":\"EntryPoint\",\"urlTemplate\":\"https:\\\/\\\/belhorizon-coaching.fr\\\/?s={search_term_string}\"},\"query-input\":{\"@type\":\"PropertyValueSpecification\",\"valueRequired\":true,\"valueName\":\"search_term_string\"}}],\"inLanguage\":\"fr-FR\"},{\"@type\":\"Organization\",\"@id\":\"https:\\\/\\\/belhorizon-coaching.fr\\\/#organization\",\"name\":\"Bel Horizon coaching\",\"url\":\"https:\\\/\\\/belhorizon-coaching.fr\\\/\",\"logo\":{\"@type\":\"ImageObject\",\"inLanguage\":\"fr-FR\",\"@id\":\"https:\\\/\\\/belhorizon-coaching.fr\\\/#\\\/schema\\\/logo\\\/image\\\/\",\"url\":\"https:\\\/\\\/belhorizon-coaching.fr\\\/wp-content\\\/uploads\\\/2021\\\/10\\\/Bel-Horizon-Logo.jpg\",\"contentUrl\":\"https:\\\/\\\/belhorizon-coaching.fr\\\/wp-content\\\/uploads\\\/2021\\\/10\\\/Bel-Horizon-Logo.jpg\",\"width\":2465,\"height\":475,\"caption\":\"Bel Horizon coaching\"},\"image\":{\"@id\":\"https:\\\/\\\/belhorizon-coaching.fr\\\/#\\\/schema\\\/logo\\\/image\\\/\"},\"sameAs\":[\"https:\\\/\\\/www.linkedin.com\\\/in\\\/pascal-ropert-coach-entreprise\\\/\"]}]}<\/script>\n<!-- \/ Yoast SEO plugin. -->","yoast_head_json":{"title":"qu'est-ce que le coaching ?","description":"Pascal Ropert coach \u00e0 Sainte Genevi\u00e8ve des bois","robots":{"index":"index","follow":"follow","max-snippet":"max-snippet:-1","max-image-preview":"max-image-preview:large","max-video-preview":"max-video-preview:-1"},"canonical":"https:\/\/belhorizon-coaching.fr\/?page_id=316","og_locale":"fr_FR","og_type":"article","og_title":"qu'est-ce que le coaching ?","og_description":"Pascal Ropert coach \u00e0 Sainte Genevi\u00e8ve des bois","og_url":"https:\/\/belhorizon-coaching.fr\/?page_id=316","og_site_name":"Bel horizon coaching","article_modified_time":"2022-01-18T15:14:13+00:00","twitter_card":"summary_large_image","twitter_misc":{"Dur\u00e9e de lecture estim\u00e9e":"1 minute"},"schema":{"@context":"https:\/\/schema.org","@graph":[{"@type":"WebPage","@id":"https:\/\/belhorizon-coaching.fr\/?page_id=316","url":"https:\/\/belhorizon-coaching.fr\/?page_id=316","name":"qu'est-ce que le coaching ?","isPartOf":{"@id":"https:\/\/belhorizon-coaching.fr\/#website"},"datePublished":"2021-11-01T16:24:10+00:00","dateModified":"2022-01-18T15:14:13+00:00","description":"Pascal Ropert coach \u00e0 Sainte Genevi\u00e8ve des bois","breadcrumb":{"@id":"https:\/\/belhorizon-coaching.fr\/?page_id=316#breadcrumb"},"inLanguage":"fr-FR","potentialAction":[{"@type":"ReadAction","target":["https:\/\/belhorizon-coaching.fr\/?page_id=316"]}]},{"@type":"BreadcrumbList","@id":"https:\/\/belhorizon-coaching.fr\/?page_id=316#breadcrumb","itemListElement":[{"@type":"ListItem","position":1,"name":"Accueil","item":"https:\/\/belhorizon-coaching.fr\/"},{"@type":"ListItem","position":2,"name":"Qu&rsquo;est-ce que le coaching ?"}]},{"@type":"WebSite","@id":"https:\/\/belhorizon-coaching.fr\/#website","url":"https:\/\/belhorizon-coaching.fr\/","name":"Bel horizon coaching","description":"Pascal Ropert coach de vie","publisher":{"@id":"https:\/\/belhorizon-coaching.fr\/#organization"},"potentialAction":[{"@type":"SearchAction","target":{"@type":"EntryPoint","urlTemplate":"https:\/\/belhorizon-coaching.fr\/?s={search_term_string}"},"query-input":{"@type":"PropertyValueSpecification","valueRequired":true,"valueName":"search_term_string"}}],"inLanguage":"fr-FR"},{"@type":"Organization","@id":"https:\/\/belhorizon-coaching.fr\/#organization","name":"Bel Horizon coaching","url":"https:\/\/belhorizon-coaching.fr\/","logo":{"@type":"ImageObject","inLanguage":"fr-FR","@id":"https:\/\/belhorizon-coaching.fr\/#\/schema\/logo\/image\/","url":"https:\/\/belhorizon-coaching.fr\/wp-content\/uploads\/2021\/10\/Bel-Horizon-Logo.jpg","contentUrl":"https:\/\/belhorizon-coaching.fr\/wp-content\/uploads\/2021\/10\/Bel-Horizon-Logo.jpg","width":2465,"height":475,"caption":"Bel Horizon coaching"},"image":{"@id":"https:\/\/belhorizon-coaching.fr\/#\/schema\/logo\/image\/"},"sameAs":["https:\/\/www.linkedin.com\/in\/pascal-ropert-coach-entreprise\/"]}]}},"_links":{"self":[{"href":"https:\/\/belhorizon-coaching.fr\/index.php?rest_route=\/wp\/v2\/pages\/316","targetHints":{"allow":["GET"]}}],"collection":[{"href":"https:\/\/belhorizon-coaching.fr\/index.php?rest_route=\/wp\/v2\/pages"}],"about":[{"href":"https:\/\/belhorizon-coaching.fr\/index.php?rest_route=\/wp\/v2\/types\/page"}],"author":[{"embeddable":true,"href":"https:\/\/belhorizon-coaching.fr\/index.php?rest_route=\/wp\/v2\/users\/1"}],"replies":[{"embeddable":true,"href":"https:\/\/belhorizon-coaching.fr\/index.php?rest_route=%2Fwp%2Fv2%2Fcomments&post=316"}],"version-history":[{"count":49,"href":"https:\/\/belhorizon-coaching.fr\/index.php?rest_route=\/wp\/v2\/pages\/316\/revisions"}],"predecessor-version":[{"id":4662,"href":"https:\/\/belhorizon-coaching.fr\/index.php?rest_route=\/wp\/v2\/pages\/316\/revisions\/4662"}],"wp:attachment":[{"href":"https:\/\/belhorizon-coaching.fr\/index.php?rest_route=%2Fwp%2Fv2%2Fmedia&parent=316"}],"curies":[{"name":"wp","href":"https:\/\/api.w.org\/{rel}","templated":true}]}}