{"id":6,"date":"2021-10-07T21:02:07","date_gmt":"2021-10-07T19:02:07","guid":{"rendered":"http:\/\/belhorizon-coaching.fr\/?page_id=6"},"modified":"2022-02-03T12:16:27","modified_gmt":"2022-02-03T11:16:27","slug":"coaching-de-vie","status":"publish","type":"page","link":"https:\/\/belhorizon-coaching.fr\/?page_id=6","title":{"rendered":"Coaching personnel"},"content":{"rendered":"\t\t<div data-elementor-type=\"wp-page\" data-elementor-id=\"6\" class=\"elementor elementor-6\">\n\t\t\t\t\t\t<section class=\"elementor-section elementor-top-section elementor-element elementor-element-4536094 elementor-section-boxed elementor-section-height-default elementor-section-height-default\" data-id=\"4536094\" data-element_type=\"section\" data-e-type=\"section\">\n\t\t\t\t\t\t<div class=\"elementor-container elementor-column-gap-default\">\n\t\t\t\t\t<div class=\"elementor-column elementor-col-100 elementor-top-column elementor-element elementor-element-534489c\" data-id=\"534489c\" data-element_type=\"column\" data-e-type=\"column\">\n\t\t\t<div class=\"elementor-widget-wrap elementor-element-populated\">\n\t\t\t\t\t\t<div class=\"elementor-element elementor-element-f76c5ea elementor-widget elementor-widget-heading\" data-id=\"f76c5ea\" data-element_type=\"widget\" data-e-type=\"widget\" data-widget_type=\"heading.default\">\n\t\t\t\t<div class=\"elementor-widget-container\">\n\t\t\t\t\t<h2 class=\"elementor-heading-title elementor-size-default\">Le coaching ...<\/h2>\t\t\t\t<\/div>\n\t\t\t\t<\/div>\n\t\t\t\t\t<\/div>\n\t\t<\/div>\n\t\t\t\t\t<\/div>\n\t\t<\/section>\n\t\t\t\t<section class=\"elementor-section elementor-top-section elementor-element elementor-element-e7399ba elementor-section-boxed elementor-section-height-default elementor-section-height-default\" data-id=\"e7399ba\" data-element_type=\"section\" data-e-type=\"section\">\n\t\t\t\t\t\t<div class=\"elementor-container elementor-column-gap-default\">\n\t\t\t\t\t<div class=\"elementor-column elementor-col-100 elementor-top-column elementor-element elementor-element-dfde904\" data-id=\"dfde904\" data-element_type=\"column\" data-e-type=\"column\">\n\t\t\t<div class=\"elementor-widget-wrap elementor-element-populated\">\n\t\t\t\t\t\t<div class=\"elementor-element elementor-element-0094878 elementor-widget elementor-widget-text-editor\" data-id=\"0094878\" data-element_type=\"widget\" data-e-type=\"widget\" data-widget_type=\"text-editor.default\">\n\t\t\t\t<div class=\"elementor-widget-container\">\n\t\t\t\t\t\t\t\t\t<ul><li><span style=\"color: #333333;\">Favorise les bonnes habitudes et renforce <strong>l\u2019autonomie<\/strong>.<\/span><\/li><li><span style=\"color: #333333;\">Est destin\u00e9 aux personnes qui veulent se sentir <strong>vivre mieux<\/strong>.<\/span><\/li><li><span style=\"color: #333333;\">Aide \u00e0 trouver pour soi-m\u00eame les <strong>solutions<\/strong> pour d\u00e9passer des difficult\u00e9s.<\/span><\/li><li><span style=\"color: #333333;\">Dynamise les personnes qui souhaitent vivre au <strong>maximum<\/strong> de leur <strong>potentiel<\/strong>.<\/span><\/li><li><span style=\"color: #333333;\">Convient aux <strong>personnes cr\u00e9atrices de leur vie<\/strong> qui veulent modifier ce qui ne leur convient pas.<\/span><\/li><li><span style=\"color: #333333;\">Est destin\u00e9 aux personnes qui souhaitent <strong>am\u00e9liorer leurs vies<\/strong> personnelles et professionnelles.<\/span><\/li><\/ul>\t\t\t\t\t\t\t\t<\/div>\n\t\t\t\t<\/div>\n\t\t\t\t<div class=\"elementor-element elementor-element-11c6494 elementor-widget elementor-widget-spacer\" data-id=\"11c6494\" data-element_type=\"widget\" data-e-type=\"widget\" data-widget_type=\"spacer.default\">\n\t\t\t\t<div class=\"elementor-widget-container\">\n\t\t\t\t\t\t\t<div class=\"elementor-spacer\">\n\t\t\t<div class=\"elementor-spacer-inner\"><\/div>\n\t\t<\/div>\n\t\t\t\t\t\t<\/div>\n\t\t\t\t<\/div>\n\t\t\t\t\t<\/div>\n\t\t<\/div>\n\t\t\t\t\t<\/div>\n\t\t<\/section>\n\t\t\t\t<section class=\"elementor-section elementor-top-section elementor-element elementor-element-5845ae9 elementor-section-full_width elementor-section-height-default elementor-section-height-default\" data-id=\"5845ae9\" data-element_type=\"section\" data-e-type=\"section\" data-settings=\"{&quot;background_background&quot;:&quot;classic&quot;}\">\n\t\t\t\t\t\t<div class=\"elementor-container elementor-column-gap-default\">\n\t\t\t\t\t<div class=\"elementor-column elementor-col-100 elementor-top-column elementor-element elementor-element-157cbfc\" data-id=\"157cbfc\" data-element_type=\"column\" data-e-type=\"column\">\n\t\t\t<div class=\"elementor-widget-wrap elementor-element-populated\">\n\t\t\t\t\t\t<div class=\"elementor-element elementor-element-530bfa3 elementor-widget elementor-widget-spacer\" data-id=\"530bfa3\" data-element_type=\"widget\" data-e-type=\"widget\" data-widget_type=\"spacer.default\">\n\t\t\t\t<div class=\"elementor-widget-container\">\n\t\t\t\t\t\t\t<div class=\"elementor-spacer\">\n\t\t\t<div class=\"elementor-spacer-inner\"><\/div>\n\t\t<\/div>\n\t\t\t\t\t\t<\/div>\n\t\t\t\t<\/div>\n\t\t\t\t<div class=\"elementor-element elementor-element-7136626 elementor-widget elementor-widget-heading\" data-id=\"7136626\" data-element_type=\"widget\" data-e-type=\"widget\" data-widget_type=\"heading.default\">\n\t\t\t\t<div class=\"elementor-widget-container\">\n\t\t\t\t\t<h2 class=\"elementor-heading-title elementor-size-default\">Les accompagnements que je propose<\/h2>\t\t\t\t<\/div>\n\t\t\t\t<\/div>\n\t\t\t\t<div class=\"elementor-element elementor-element-0390184 elementor-widget elementor-widget-spacer\" data-id=\"0390184\" data-element_type=\"widget\" data-e-type=\"widget\" data-widget_type=\"spacer.default\">\n\t\t\t\t<div class=\"elementor-widget-container\">\n\t\t\t\t\t\t\t<div class=\"elementor-spacer\">\n\t\t\t<div class=\"elementor-spacer-inner\"><\/div>\n\t\t<\/div>\n\t\t\t\t\t\t<\/div>\n\t\t\t\t<\/div>\n\t\t\t\t\t<\/div>\n\t\t<\/div>\n\t\t\t\t\t<\/div>\n\t\t<\/section>\n\t\t\t\t<section class=\"elementor-section elementor-top-section elementor-element elementor-element-f54c23e elementor-section-boxed elementor-section-height-default elementor-section-height-default\" data-id=\"f54c23e\" data-element_type=\"section\" data-e-type=\"section\" data-settings=\"{&quot;background_background&quot;:&quot;classic&quot;}\">\n\t\t\t\t\t\t<div class=\"elementor-container elementor-column-gap-wider\">\n\t\t\t\t\t<div class=\"elementor-column elementor-col-50 elementor-top-column elementor-element elementor-element-06ff4b5\" data-id=\"06ff4b5\" data-element_type=\"column\" data-e-type=\"column\">\n\t\t\t<div class=\"elementor-widget-wrap elementor-element-populated\">\n\t\t\t\t\t\t<div class=\"elementor-element elementor-element-8df7b6f elementor-widget elementor-widget-image\" data-id=\"8df7b6f\" data-element_type=\"widget\" data-e-type=\"widget\" data-widget_type=\"image.default\">\n\t\t\t\t<div class=\"elementor-widget-container\">\n\t\t\t\t\t\t\t\t\t\t\t\t\t\t\t<img fetchpriority=\"high\" decoding=\"async\" width=\"550\" height=\"550\" src=\"https:\/\/belhorizon-coaching.fr\/wp-content\/uploads\/2022\/02\/Trois-jeunes-joyeux-sautent-neige-550x550.jpg\" class=\"attachment-pixelwars_core_image_size_3 size-pixelwars_core_image_size_3 wp-image-4860\" alt=\"\" srcset=\"https:\/\/belhorizon-coaching.fr\/wp-content\/uploads\/2022\/02\/Trois-jeunes-joyeux-sautent-neige-550x550.jpg 550w, https:\/\/belhorizon-coaching.fr\/wp-content\/uploads\/2022\/02\/Trois-jeunes-joyeux-sautent-neige-150x150.jpg 150w, https:\/\/belhorizon-coaching.fr\/wp-content\/uploads\/2022\/02\/Trois-jeunes-joyeux-sautent-neige-300x300.jpg 300w\" sizes=\"(max-width: 550px) 100vw, 550px\" \/>\t\t\t\t\t\t\t\t\t\t\t\t\t\t\t<\/div>\n\t\t\t\t<\/div>\n\t\t\t\t<div class=\"elementor-element elementor-element-68dcbd7 elementor-widget elementor-widget-heading\" data-id=\"68dcbd7\" data-element_type=\"widget\" data-e-type=\"widget\" data-widget_type=\"heading.default\">\n\t\t\t\t<div class=\"elementor-widget-container\">\n\t\t\t\t\t<h2 class=\"elementor-heading-title elementor-size-default\">C.O.O.L.<\/h2>\t\t\t\t<\/div>\n\t\t\t\t<\/div>\n\t\t\t\t<div class=\"elementor-element elementor-element-00bd255 elementor-widget elementor-widget-text-editor\" data-id=\"00bd255\" data-element_type=\"widget\" data-e-type=\"widget\" data-widget_type=\"text-editor.default\">\n\t\t\t\t<div class=\"elementor-widget-container\">\n\t\t\t\t\t\t\t\t\t<p><span style=\"color: #333333;\"><strong>Coaching Of your Own Life<\/strong>, est un programme de coaching qui vous permet de reprendre les r\u00eanes de votre vie,\u00a0parce que \u00a0vous voulez :<br \/><\/span><\/p><ul><li><span style=\"color: #333333;\">Lib\u00e9rer votre <strong>potentiel<\/strong><\/span><\/li><li><strong>Dynamiser<\/strong> vos projets<\/li><li><strong>Equilibrer<\/strong> temps professionnel \/ personnel<\/li><li><strong>Renforcer<\/strong> votre confiance en vous<\/li><li>Mieux <strong>g\u00e9rer<\/strong> votre stress<\/li><\/ul><p><span style=\"color: #333333;\">\u00ab\u00a0Que faites-vous pour vous (re)connecter \u00e0 la personne que vous avez toujours voulu \u00eatre ?\u00a0\u00bb<\/span><\/p>\t\t\t\t\t\t\t\t<\/div>\n\t\t\t\t<\/div>\n\t\t\t\t\t<\/div>\n\t\t<\/div>\n\t\t\t\t<div class=\"elementor-column elementor-col-50 elementor-top-column elementor-element elementor-element-a2300e5\" data-id=\"a2300e5\" data-element_type=\"column\" data-e-type=\"column\">\n\t\t\t<div class=\"elementor-widget-wrap elementor-element-populated\">\n\t\t\t\t\t\t<div class=\"elementor-element elementor-element-2dd7a60 elementor-widget elementor-widget-image\" data-id=\"2dd7a60\" data-element_type=\"widget\" data-e-type=\"widget\" data-widget_type=\"image.default\">\n\t\t\t\t<div class=\"elementor-widget-container\">\n\t\t\t\t\t\t\t\t\t\t\t\t\t\t\t<img decoding=\"async\" width=\"550\" height=\"550\" src=\"https:\/\/belhorizon-coaching.fr\/wp-content\/uploads\/2021\/12\/dreamstime_xl_68480340-550x550.jpg\" class=\"attachment-efor_image_size_3 size-efor_image_size_3 wp-image-4499\" alt=\"Emotion&#039;il\" srcset=\"https:\/\/belhorizon-coaching.fr\/wp-content\/uploads\/2021\/12\/dreamstime_xl_68480340-550x550.jpg 550w, https:\/\/belhorizon-coaching.fr\/wp-content\/uploads\/2021\/12\/dreamstime_xl_68480340-150x150.jpg 150w, https:\/\/belhorizon-coaching.fr\/wp-content\/uploads\/2021\/12\/dreamstime_xl_68480340-300x300.jpg 300w\" sizes=\"(max-width: 550px) 100vw, 550px\" \/>\t\t\t\t\t\t\t\t\t\t\t\t\t\t\t<\/div>\n\t\t\t\t<\/div>\n\t\t\t\t<div class=\"elementor-element elementor-element-ad6d25e elementor-widget elementor-widget-heading\" data-id=\"ad6d25e\" data-element_type=\"widget\" data-e-type=\"widget\" data-widget_type=\"heading.default\">\n\t\t\t\t<div class=\"elementor-widget-container\">\n\t\t\t\t\t<h2 class=\"elementor-heading-title elementor-size-default\">EMOTION'IL<\/h2>\t\t\t\t<\/div>\n\t\t\t\t<\/div>\n\t\t\t\t<div class=\"elementor-element elementor-element-26cbba9 elementor-widget elementor-widget-text-editor\" data-id=\"26cbba9\" data-element_type=\"widget\" data-e-type=\"widget\" data-widget_type=\"text-editor.default\">\n\t\t\t\t<div class=\"elementor-widget-container\">\n\t\t\t\t\t\t\t\t\t<p><span style=\"color: #333333;\">Le programme de <strong>coaching des \u00e9motions<\/strong> exclusif, sp\u00e9cialement con\u00e7u pour les <strong>hommes<\/strong> qui veulent <strong>gagner<\/strong> en :<\/span><\/p><ul><li><span style=\"color: #333333;\"><strong>Authenticit\u00e9<\/strong> et intuition<\/span><\/li><li><span style=\"color: #333333;\"><strong>Leadership<\/strong> et cr\u00e9ativit\u00e9<\/span><\/li><li><span style=\"color: #333333;\">Expressivit\u00e9 et <strong>impact relationnel<\/strong><\/span><\/li><li><span style=\"color: #333333;\"><strong>S\u00e9r\u00e9nit\u00e9<\/strong> et libert\u00e9<\/span><\/li><li><strong><span style=\"color: #333333;\">Estime de soi<\/span><\/strong><\/li><\/ul><p><span style=\"color: #333333;\">\u00ab\u00a0Ram\u00e8ne la paix dans ton esprit et le reste de ta vie tombera en place.\u00a0\u00bb Lao Tseu<\/span><\/p>\t\t\t\t\t\t\t\t<\/div>\n\t\t\t\t<\/div>\n\t\t\t\t\t<\/div>\n\t\t<\/div>\n\t\t\t\t\t<\/div>\n\t\t<\/section>\n\t\t\t\t<section class=\"elementor-section elementor-top-section elementor-element elementor-element-238a89d2 elementor-section-boxed elementor-section-height-default elementor-section-height-default\" data-id=\"238a89d2\" data-element_type=\"section\" data-e-type=\"section\">\n\t\t\t\t\t\t<div class=\"elementor-container elementor-column-gap-default\">\n\t\t\t\t\t<div class=\"elementor-column elementor-col-100 elementor-top-column elementor-element elementor-element-42c2c9b7\" data-id=\"42c2c9b7\" data-element_type=\"column\" data-e-type=\"column\">\n\t\t\t<div class=\"elementor-widget-wrap elementor-element-populated\">\n\t\t\t\t\t\t<div class=\"elementor-element elementor-element-f18c02c elementor-widget elementor-widget-spacer\" data-id=\"f18c02c\" data-element_type=\"widget\" data-e-type=\"widget\" data-widget_type=\"spacer.default\">\n\t\t\t\t<div class=\"elementor-widget-container\">\n\t\t\t\t\t\t\t<div class=\"elementor-spacer\">\n\t\t\t<div class=\"elementor-spacer-inner\"><\/div>\n\t\t<\/div>\n\t\t\t\t\t\t<\/div>\n\t\t\t\t<\/div>\n\t\t\t\t<div class=\"elementor-element elementor-element-d315d6f elementor-widget elementor-widget-heading\" data-id=\"d315d6f\" data-element_type=\"widget\" data-e-type=\"widget\" data-widget_type=\"heading.default\">\n\t\t\t\t<div class=\"elementor-widget-container\">\n\t\t\t\t\t<h2 class=\"elementor-heading-title elementor-size-default\">Ce que vous apporte le coaching<\/h2>\t\t\t\t<\/div>\n\t\t\t\t<\/div>\n\t\t\t\t<div class=\"elementor-element elementor-element-230dd6b2 elementor-widget elementor-widget-text-editor\" data-id=\"230dd6b2\" data-element_type=\"widget\" data-e-type=\"widget\" data-widget_type=\"text-editor.default\">\n\t\t\t\t<div class=\"elementor-widget-container\">\n\t\t\t\t\t\t\t\t\t<p>Dans un cadre <strong>bienveillant<\/strong>, <strong>confidentiel<\/strong> et <strong>sans jugement<\/strong>, vous \u00e9tablissez un lien de <strong>partenariat<\/strong> privil\u00e9gi\u00e9 avec votre coach. Ce contexte favorise l&rsquo;identification de vos <strong>valeurs d&rsquo;action<\/strong> que vous harmonisez \u00e0 vos <strong>forces<\/strong> et \u00e0 vos <strong>talents<\/strong>. \u00a0Je vous accompagne \u00e0 mettre en oeuvre les <strong>actions<\/strong> n\u00e9cessaires pour atteindre votre <strong>objectif<\/strong>.\u00a0Le coaching est un\u00a0parcours individualis\u00e9 parce que <strong>vous \u00eates unique<\/strong>.<\/p>\t\t\t\t\t\t\t\t<\/div>\n\t\t\t\t<\/div>\n\t\t\t\t\t<\/div>\n\t\t<\/div>\n\t\t\t\t\t<\/div>\n\t\t<\/section>\n\t\t\t\t<\/div>\n\t\t","protected":false},"excerpt":{"rendered":"<p>Le coaching &#8230; Favorise les bonnes habitudes et renforce l\u2019autonomie. Est destin\u00e9 aux personnes qui veulent se sentir vivre mieux. Aide \u00e0 trouver pour soi-m\u00eame les solutions pour d\u00e9passer des difficult\u00e9s. Dynamise les personnes qui souhaitent vivre au maximum de leur potentiel. Convient aux personnes cr\u00e9atrices de leur vie qui veulent modifier ce qui ne leur convient pas. Est destin\u00e9 aux personnes qui souhaitent am\u00e9liorer&#8230; <\/p>\n<p class=\"more\"><a class=\"more-link\" href=\"https:\/\/belhorizon-coaching.fr\/?page_id=6\">Read More<\/a><\/p>\n","protected":false},"author":1,"featured_media":4654,"parent":0,"menu_order":0,"comment_status":"closed","ping_status":"closed","template":"","meta":{"_monsterinsights_skip_tracking":false,"_monsterinsights_sitenote_active":false,"_monsterinsights_sitenote_note":"","_monsterinsights_sitenote_category":0,"footnotes":""},"class_list":["post-6","page","type-page","status-publish","has-post-thumbnail","hentry","is-cat-link-borders-light is-cat-link-rounded"],"yoast_head":"<!-- This site is optimized with the Yoast SEO plugin v27.3 - https:\/\/yoast.com\/product\/yoast-seo-wordpress\/ -->\n<title>coaching personnel<\/title>\n<meta name=\"description\" content=\"Information sur le coaching personnel par Pascal Ropert\" \/>\n<meta name=\"robots\" content=\"index, follow, max-snippet:-1, max-image-preview:large, max-video-preview:-1\" \/>\n<link rel=\"canonical\" href=\"https:\/\/belhorizon-coaching.fr\/?page_id=6\" \/>\n<meta property=\"og:locale\" content=\"fr_FR\" \/>\n<meta property=\"og:type\" content=\"article\" \/>\n<meta property=\"og:title\" content=\"coaching personnel\" \/>\n<meta property=\"og:description\" content=\"Information sur le coaching personnel par Pascal Ropert\" \/>\n<meta property=\"og:url\" content=\"https:\/\/belhorizon-coaching.fr\/?page_id=6\" \/>\n<meta property=\"og:site_name\" content=\"Bel horizon coaching\" \/>\n<meta property=\"article:modified_time\" content=\"2022-02-03T11:16:27+00:00\" \/>\n<meta property=\"og:image\" content=\"https:\/\/belhorizon-coaching.fr\/wp-content\/uploads\/2022\/01\/Jeune-couple-heureux-champ-coquelicots-scaled.jpg\" \/>\n\t<meta property=\"og:image:width\" content=\"2560\" \/>\n\t<meta property=\"og:image:height\" content=\"1706\" \/>\n\t<meta property=\"og:image:type\" content=\"image\/jpeg\" \/>\n<meta name=\"twitter:card\" content=\"summary_large_image\" \/>\n<meta name=\"twitter:label1\" content=\"Dur\u00e9e de lecture estim\u00e9e\" \/>\n\t<meta name=\"twitter:data1\" content=\"2 minutes\" \/>\n<script type=\"application\/ld+json\" class=\"yoast-schema-graph\">{\"@context\":\"https:\\\/\\\/schema.org\",\"@graph\":[{\"@type\":\"WebPage\",\"@id\":\"https:\\\/\\\/belhorizon-coaching.fr\\\/?page_id=6\",\"url\":\"https:\\\/\\\/belhorizon-coaching.fr\\\/?page_id=6\",\"name\":\"coaching personnel\",\"isPartOf\":{\"@id\":\"https:\\\/\\\/belhorizon-coaching.fr\\\/#website\"},\"primaryImageOfPage\":{\"@id\":\"https:\\\/\\\/belhorizon-coaching.fr\\\/?page_id=6#primaryimage\"},\"image\":{\"@id\":\"https:\\\/\\\/belhorizon-coaching.fr\\\/?page_id=6#primaryimage\"},\"thumbnailUrl\":\"https:\\\/\\\/belhorizon-coaching.fr\\\/wp-content\\\/uploads\\\/2022\\\/01\\\/Jeune-couple-heureux-champ-coquelicots-scaled.jpg\",\"datePublished\":\"2021-10-07T19:02:07+00:00\",\"dateModified\":\"2022-02-03T11:16:27+00:00\",\"description\":\"Information sur le coaching personnel par Pascal Ropert\",\"breadcrumb\":{\"@id\":\"https:\\\/\\\/belhorizon-coaching.fr\\\/?page_id=6#breadcrumb\"},\"inLanguage\":\"fr-FR\",\"potentialAction\":[{\"@type\":\"ReadAction\",\"target\":[\"https:\\\/\\\/belhorizon-coaching.fr\\\/?page_id=6\"]}]},{\"@type\":\"ImageObject\",\"inLanguage\":\"fr-FR\",\"@id\":\"https:\\\/\\\/belhorizon-coaching.fr\\\/?page_id=6#primaryimage\",\"url\":\"https:\\\/\\\/belhorizon-coaching.fr\\\/wp-content\\\/uploads\\\/2022\\\/01\\\/Jeune-couple-heureux-champ-coquelicots-scaled.jpg\",\"contentUrl\":\"https:\\\/\\\/belhorizon-coaching.fr\\\/wp-content\\\/uploads\\\/2022\\\/01\\\/Jeune-couple-heureux-champ-coquelicots-scaled.jpg\",\"width\":2560,\"height\":1706,\"caption\":\"Coaching Personnel Pascal Ropert Coach Bel Horizon coaching\"},{\"@type\":\"BreadcrumbList\",\"@id\":\"https:\\\/\\\/belhorizon-coaching.fr\\\/?page_id=6#breadcrumb\",\"itemListElement\":[{\"@type\":\"ListItem\",\"position\":1,\"name\":\"Accueil\",\"item\":\"https:\\\/\\\/belhorizon-coaching.fr\\\/\"},{\"@type\":\"ListItem\",\"position\":2,\"name\":\"Coaching personnel\"}]},{\"@type\":\"WebSite\",\"@id\":\"https:\\\/\\\/belhorizon-coaching.fr\\\/#website\",\"url\":\"https:\\\/\\\/belhorizon-coaching.fr\\\/\",\"name\":\"Bel horizon coaching\",\"description\":\"Pascal Ropert coach de vie\",\"publisher\":{\"@id\":\"https:\\\/\\\/belhorizon-coaching.fr\\\/#organization\"},\"potentialAction\":[{\"@type\":\"SearchAction\",\"target\":{\"@type\":\"EntryPoint\",\"urlTemplate\":\"https:\\\/\\\/belhorizon-coaching.fr\\\/?s={search_term_string}\"},\"query-input\":{\"@type\":\"PropertyValueSpecification\",\"valueRequired\":true,\"valueName\":\"search_term_string\"}}],\"inLanguage\":\"fr-FR\"},{\"@type\":\"Organization\",\"@id\":\"https:\\\/\\\/belhorizon-coaching.fr\\\/#organization\",\"name\":\"Bel Horizon coaching\",\"url\":\"https:\\\/\\\/belhorizon-coaching.fr\\\/\",\"logo\":{\"@type\":\"ImageObject\",\"inLanguage\":\"fr-FR\",\"@id\":\"https:\\\/\\\/belhorizon-coaching.fr\\\/#\\\/schema\\\/logo\\\/image\\\/\",\"url\":\"https:\\\/\\\/belhorizon-coaching.fr\\\/wp-content\\\/uploads\\\/2021\\\/10\\\/Bel-Horizon-Logo.jpg\",\"contentUrl\":\"https:\\\/\\\/belhorizon-coaching.fr\\\/wp-content\\\/uploads\\\/2021\\\/10\\\/Bel-Horizon-Logo.jpg\",\"width\":2465,\"height\":475,\"caption\":\"Bel Horizon coaching\"},\"image\":{\"@id\":\"https:\\\/\\\/belhorizon-coaching.fr\\\/#\\\/schema\\\/logo\\\/image\\\/\"},\"sameAs\":[\"https:\\\/\\\/www.linkedin.com\\\/in\\\/pascal-ropert-coach-entreprise\\\/\"]}]}<\/script>\n<!-- \/ Yoast SEO plugin. -->","yoast_head_json":{"title":"coaching personnel","description":"Information sur le coaching personnel par Pascal Ropert","robots":{"index":"index","follow":"follow","max-snippet":"max-snippet:-1","max-image-preview":"max-image-preview:large","max-video-preview":"max-video-preview:-1"},"canonical":"https:\/\/belhorizon-coaching.fr\/?page_id=6","og_locale":"fr_FR","og_type":"article","og_title":"coaching personnel","og_description":"Information sur le coaching personnel par Pascal Ropert","og_url":"https:\/\/belhorizon-coaching.fr\/?page_id=6","og_site_name":"Bel horizon coaching","article_modified_time":"2022-02-03T11:16:27+00:00","og_image":[{"width":2560,"height":1706,"url":"https:\/\/belhorizon-coaching.fr\/wp-content\/uploads\/2022\/01\/Jeune-couple-heureux-champ-coquelicots-scaled.jpg","type":"image\/jpeg"}],"twitter_card":"summary_large_image","twitter_misc":{"Dur\u00e9e de lecture estim\u00e9e":"2 minutes"},"schema":{"@context":"https:\/\/schema.org","@graph":[{"@type":"WebPage","@id":"https:\/\/belhorizon-coaching.fr\/?page_id=6","url":"https:\/\/belhorizon-coaching.fr\/?page_id=6","name":"coaching personnel","isPartOf":{"@id":"https:\/\/belhorizon-coaching.fr\/#website"},"primaryImageOfPage":{"@id":"https:\/\/belhorizon-coaching.fr\/?page_id=6#primaryimage"},"image":{"@id":"https:\/\/belhorizon-coaching.fr\/?page_id=6#primaryimage"},"thumbnailUrl":"https:\/\/belhorizon-coaching.fr\/wp-content\/uploads\/2022\/01\/Jeune-couple-heureux-champ-coquelicots-scaled.jpg","datePublished":"2021-10-07T19:02:07+00:00","dateModified":"2022-02-03T11:16:27+00:00","description":"Information sur le coaching personnel par Pascal Ropert","breadcrumb":{"@id":"https:\/\/belhorizon-coaching.fr\/?page_id=6#breadcrumb"},"inLanguage":"fr-FR","potentialAction":[{"@type":"ReadAction","target":["https:\/\/belhorizon-coaching.fr\/?page_id=6"]}]},{"@type":"ImageObject","inLanguage":"fr-FR","@id":"https:\/\/belhorizon-coaching.fr\/?page_id=6#primaryimage","url":"https:\/\/belhorizon-coaching.fr\/wp-content\/uploads\/2022\/01\/Jeune-couple-heureux-champ-coquelicots-scaled.jpg","contentUrl":"https:\/\/belhorizon-coaching.fr\/wp-content\/uploads\/2022\/01\/Jeune-couple-heureux-champ-coquelicots-scaled.jpg","width":2560,"height":1706,"caption":"Coaching Personnel Pascal Ropert Coach Bel Horizon coaching"},{"@type":"BreadcrumbList","@id":"https:\/\/belhorizon-coaching.fr\/?page_id=6#breadcrumb","itemListElement":[{"@type":"ListItem","position":1,"name":"Accueil","item":"https:\/\/belhorizon-coaching.fr\/"},{"@type":"ListItem","position":2,"name":"Coaching personnel"}]},{"@type":"WebSite","@id":"https:\/\/belhorizon-coaching.fr\/#website","url":"https:\/\/belhorizon-coaching.fr\/","name":"Bel horizon coaching","description":"Pascal Ropert coach de vie","publisher":{"@id":"https:\/\/belhorizon-coaching.fr\/#organization"},"potentialAction":[{"@type":"SearchAction","target":{"@type":"EntryPoint","urlTemplate":"https:\/\/belhorizon-coaching.fr\/?s={search_term_string}"},"query-input":{"@type":"PropertyValueSpecification","valueRequired":true,"valueName":"search_term_string"}}],"inLanguage":"fr-FR"},{"@type":"Organization","@id":"https:\/\/belhorizon-coaching.fr\/#organization","name":"Bel Horizon coaching","url":"https:\/\/belhorizon-coaching.fr\/","logo":{"@type":"ImageObject","inLanguage":"fr-FR","@id":"https:\/\/belhorizon-coaching.fr\/#\/schema\/logo\/image\/","url":"https:\/\/belhorizon-coaching.fr\/wp-content\/uploads\/2021\/10\/Bel-Horizon-Logo.jpg","contentUrl":"https:\/\/belhorizon-coaching.fr\/wp-content\/uploads\/2021\/10\/Bel-Horizon-Logo.jpg","width":2465,"height":475,"caption":"Bel Horizon coaching"},"image":{"@id":"https:\/\/belhorizon-coaching.fr\/#\/schema\/logo\/image\/"},"sameAs":["https:\/\/www.linkedin.com\/in\/pascal-ropert-coach-entreprise\/"]}]}},"_links":{"self":[{"href":"https:\/\/belhorizon-coaching.fr\/index.php?rest_route=\/wp\/v2\/pages\/6","targetHints":{"allow":["GET"]}}],"collection":[{"href":"https:\/\/belhorizon-coaching.fr\/index.php?rest_route=\/wp\/v2\/pages"}],"about":[{"href":"https:\/\/belhorizon-coaching.fr\/index.php?rest_route=\/wp\/v2\/types\/page"}],"author":[{"embeddable":true,"href":"https:\/\/belhorizon-coaching.fr\/index.php?rest_route=\/wp\/v2\/users\/1"}],"replies":[{"embeddable":true,"href":"https:\/\/belhorizon-coaching.fr\/index.php?rest_route=%2Fwp%2Fv2%2Fcomments&post=6"}],"version-history":[{"count":251,"href":"https:\/\/belhorizon-coaching.fr\/index.php?rest_route=\/wp\/v2\/pages\/6\/revisions"}],"predecessor-version":[{"id":4917,"href":"https:\/\/belhorizon-coaching.fr\/index.php?rest_route=\/wp\/v2\/pages\/6\/revisions\/4917"}],"wp:featuredmedia":[{"embeddable":true,"href":"https:\/\/belhorizon-coaching.fr\/index.php?rest_route=\/wp\/v2\/media\/4654"}],"wp:attachment":[{"href":"https:\/\/belhorizon-coaching.fr\/index.php?rest_route=%2Fwp%2Fv2%2Fmedia&parent=6"}],"curies":[{"name":"wp","href":"https:\/\/api.w.org\/{rel}","templated":true}]}}